{"id":4398,"date":"2019-06-26T13:17:42","date_gmt":"2019-06-26T11:17:42","guid":{"rendered":"https:\/\/www.kendra.com.pl\/shop\/produkt\/swiatlo-jogi\/"},"modified":"2023-05-25T05:30:18","modified_gmt":"2023-05-25T03:30:18","slug":"swiatlo-jogi","status":"publish","type":"product","link":"https:\/\/www.kendra.com.pl\/shop\/produkt\/swiatlo-jogi\/","title":{"rendered":"\u015awiat\u0142o jogi"},"content":{"rendered":"<div>\n<div>\n<p>&#8220;\u015awiat\u0142o jogi&#8221; jest dzie\u0142em klasycznym, od momentu pierwszego wydania \u015bwiatowym bestsellerem. Zawiera teoretyczny wst\u0119p, opisy 200 asan i 14 pranajam ilustrowane ponad 600 fotografiami, 300-tygodniowy kurs, a tak\u017ce wykaz chor\u00f3b z przypisanymi im terapeutycznymi asanami. Zawiera przedmowy Yehudiego Menuhina i Jacka Santorskiego<\/p>\n<\/div>\n<p>Micha\u0142 Anio\u0142 jogi\u00a0BBC TV<\/p>\n<p>Przyni\u00f3s\u0142 Wsch\u00f3d na Zach\u00f3d TIME<\/p>\n<p>Najwy\u017cszej klasy podr\u0119cznik TIMES OF INDIA<\/p>\n<p>Najlepsza zapewne ksi\u0105\u017cka o hatha-jodze STATESMAN<\/p>\n<p>Ksi\u0105\u017cka pierwszorz\u0119dnej, niedo\u015bcig\u0142ej jako\u015bci EASTERN TIMES<\/p>\n<\/div>\n<p>Bellur Krishnamachar Sundararaja IYENGAR (ur. 1918) jest legendarnym mistrzem jogi. Jego nazwisko jest synonimem perfekcji i precyzji w jodze. Mieszka w Punie w Indiach, tam prowadzi sw\u00f3j instytut.<\/p>\n<p>B.K.S. Iyengar jest te\u017c autorem ksi\u0105\u017cek &#8220;Pranajama \u2013 sztuka oddychania w jodze&#8221; i &#8220;Drzewo jogi&#8221;, a jego c\u00f3rka Gita \u2013 autork\u0105 podr\u0119cznika &#8220;Joga \u2013 doskona\u0142a dla kobiet&#8221;, uwzgl\u0119dniaj\u0105cego fizjologi\u0119 kobiec\u0105. Ksi\u0105\u017cki te ukaza\u0142y si\u0119 nak\u0142adem wydawnictwa Virya.<\/p>\n<p>Niniejsza edycja zawiera now\u0105 przedmow\u0119 autora. Powi\u0119kszono i oczyszczono tak\u017ce stare fotografie na tyle, na ile pozwala\u0142 na to otrzymany materia\u0142 ilustracyjny.<\/p>\n<p>Specjalnym dodatkiem do polskiego wydania jest film &#8220;\u015awiat\u0142o jogi&#8221; \u2013 fascynuj\u0105ca opowie\u015b\u0107 o\u00a0 \u017cyciu Iyengara. Film stanowi integraln\u0105 cz\u0119\u015b\u0107 ksi\u0105\u017cki.<\/p>\n<div>\n<p>Film &#8220;\u015awiat\u0142o jogi&#8221; jest histori\u0105 o\u00a0 \u017cyciu legendarnego mistrza jogi, B.K.S. Iyengara (ur. 1918), opowiedzian\u0105 przez s\u0142ynnego indyjskiego aktora Naseeruddina Shaha, ucznia Iyengara.<\/p>\n<p>&#8220;\u015awiat\u0142o jogi&#8221; to saga o odwadze i wierze, o zaskakuj\u0105cych spotkaniach na obranej \u015bcie\u017cce\u00a0 \u017cycia, o wytrwa\u0142o\u015bci w obliczu przeszk\u00f3d nie do przezwyci\u0119\u017cenia, o triumfie ludzkiego ducha i jego po\u0142\u0105czeniu z bosk\u0105 \u015bwiadomo\u015bci\u0105. Film pokazuje dziewi\u0119\u0107 dekad\u00a0 \u017cycia mistrza, oraz ponad siedemdziesi\u0105t lat jego praktyki i nauczania. Ukazuje jego wieloaspektow\u0105 osobowo\u015b\u0107 guru, nauczyciela, m\u0119\u017ca, ojca i ucznia.<\/p>\n<p>Obraz zawiera nowy, obszerny materia\u0142 filmowy z praktyki i nauczania Iyengara, jego wywiad\u00f3w i codziennego\u00a0 \u017cycia. Stara si\u0119 pokaza\u0107 istot\u0119 cz\u0142owieka ukrytego za swoim fenomenem, odkry\u0107 posta\u0107 o z\u0142o\u017conej i wybitnej osobowo\u015bci \u2013 cz\u0142owieka, kt\u00f3ry sta\u0142 si\u0119 synonimem precyzji i perfekcji w jodze.<\/p>\n<p>Film zawiera ponadto unikalny materia\u0142 filmowy z wczesnych lat\u00a0 \u017cycia Iyengara, a tak\u017ce inscenizowane zdarzenia z jego dzieci\u0144stwa.<\/p>\n<\/div>\n<p>428 stron. 600 fotografii.<br \/>\nTwarda oprawa. Du\u017cy format 190 x 250 mm.<\/p>\n<p><strong>Powy\u017cszy opis pochodzi od wydawcy.<\/strong><\/p>\n","protected":false},"excerpt":{"rendered":"<p>Nowe, poprawione i powi\u0119kszone wydanie z film <span style=\"color: #333333\"><a style=\"color: #333333\" href=\"http:\/\/jogabutik.pl\/?200,swiatlo-jogi-dvd\">\u201e<\/a><\/span>\u015awiat\u0142o jogi\u201d o \u017cyciu B.K.S. Iyengara. Klasyczny podr\u0119cznik, nazywany bibli\u0105 jogi z powodu najwy\u017cszej jako\u015bci i wszechstronno\u015bci. Napisany przez legendarnego mistrza, okre\u015blanego mianem Micha\u0142a Anio\u0142a jogi. Od pierwszego wydania, a\u017c po dzi\u015b dzie\u0144, \u015bwiatowy bestseller.<\/p>\n","protected":false},"featured_media":4399,"comment_status":"open","ping_status":"closed","template":"","meta":[],"product_cat":[408,430,17,786,400,433],"product_tag":[],"yoast_head":"<!-- This site is optimized with the Yoast SEO plugin v18.8 - https:\/\/yoast.com\/wordpress\/plugins\/seo\/ -->\n<title>\u015awiat\u0142o jogi - Kendra Publishing<\/title>\n<meta name=\"robots\" content=\"noindex, follow\" \/>\n<meta property=\"og:locale\" content=\"pl_PL\" \/>\n<meta property=\"og:type\" content=\"article\" \/>\n<meta property=\"og:title\" content=\"\u015awiat\u0142o jogi - Kendra Publishing\" \/>\n<meta property=\"og:description\" content=\"Nowe, poprawione i powi\u0119kszone wydanie z film \u201e\u015awiat\u0142o jogi\u201d o \u017cyciu B.K.S. Iyengara. Klasyczny podr\u0119cznik, nazywany bibli\u0105 jogi z powodu najwy\u017cszej jako\u015bci i wszechstronno\u015bci. Napisany przez legendarnego mistrza, okre\u015blanego mianem Micha\u0142a Anio\u0142a jogi. Od pierwszego wydania, a\u017c po dzi\u015b dzie\u0144, \u015bwiatowy bestseller.\" \/>\n<meta property=\"og:url\" content=\"https:\/\/www.kendra.com.pl\/shop\/produkt\/swiatlo-jogi\/\" \/>\n<meta property=\"og:site_name\" content=\"Kendra Publishing\" \/>\n<meta property=\"article:modified_time\" content=\"2023-05-25T03:30:18+00:00\" \/>\n<meta property=\"og:image\" content=\"https:\/\/www.kendra.com.pl\/shop\/wp-content\/uploads\/2019\/06\/BKS_Iyengar_swiatlo_jogi_01.jpg\" \/>\n\t<meta property=\"og:image:width\" content=\"1120\" \/>\n\t<meta property=\"og:image:height\" content=\"920\" \/>\n\t<meta property=\"og:image:type\" content=\"image\/jpeg\" \/>\n<meta name=\"twitter:card\" content=\"summary_large_image\" \/>\n<meta name=\"twitter:label1\" content=\"Szacowany czas czytania\" \/>\n\t<meta name=\"twitter:data1\" content=\"2 minuty\" \/>\n<script type=\"application\/ld+json\" class=\"yoast-schema-graph\">{\"@context\":\"https:\/\/schema.org\",\"@graph\":[{\"@type\":\"WebSite\",\"@id\":\"https:\/\/www.kendra.com.pl\/shop\/#website\",\"url\":\"https:\/\/www.kendra.com.pl\/shop\/\",\"name\":\"Kendra Publishing\",\"description\":\"Sklep\",\"potentialAction\":[{\"@type\":\"SearchAction\",\"target\":{\"@type\":\"EntryPoint\",\"urlTemplate\":\"https:\/\/www.kendra.com.pl\/shop\/?s={search_term_string}\"},\"query-input\":\"required name=search_term_string\"}],\"inLanguage\":\"pl-PL\"},{\"@type\":\"ImageObject\",\"inLanguage\":\"pl-PL\",\"@id\":\"https:\/\/www.kendra.com.pl\/shop\/produkt\/swiatlo-jogi\/#primaryimage\",\"url\":\"https:\/\/www.kendra.com.pl\/shop\/wp-content\/uploads\/2019\/06\/BKS_Iyengar_swiatlo_jogi_01.jpg\",\"contentUrl\":\"https:\/\/www.kendra.com.pl\/shop\/wp-content\/uploads\/2019\/06\/BKS_Iyengar_swiatlo_jogi_01.jpg\",\"width\":1120,\"height\":920},{\"@type\":\"WebPage\",\"@id\":\"https:\/\/www.kendra.com.pl\/shop\/produkt\/swiatlo-jogi\/#webpage\",\"url\":\"https:\/\/www.kendra.com.pl\/shop\/produkt\/swiatlo-jogi\/\",\"name\":\"\u015awiat\u0142o jogi - Kendra Publishing\",\"isPartOf\":{\"@id\":\"https:\/\/www.kendra.com.pl\/shop\/#website\"},\"primaryImageOfPage\":{\"@id\":\"https:\/\/www.kendra.com.pl\/shop\/produkt\/swiatlo-jogi\/#primaryimage\"},\"datePublished\":\"2019-06-26T11:17:42+00:00\",\"dateModified\":\"2023-05-25T03:30:18+00:00\",\"breadcrumb\":{\"@id\":\"https:\/\/www.kendra.com.pl\/shop\/produkt\/swiatlo-jogi\/#breadcrumb\"},\"inLanguage\":\"pl-PL\",\"potentialAction\":[{\"@type\":\"ReadAction\",\"target\":[\"https:\/\/www.kendra.com.pl\/shop\/produkt\/swiatlo-jogi\/\"]}]},{\"@type\":\"BreadcrumbList\",\"@id\":\"https:\/\/www.kendra.com.pl\/shop\/produkt\/swiatlo-jogi\/#breadcrumb\",\"itemListElement\":[{\"@type\":\"ListItem\",\"position\":1,\"name\":\"Strona g\u0142\u00f3wna\",\"item\":\"https:\/\/www.kendra.com.pl\/shop\/\"},{\"@type\":\"ListItem\",\"position\":2,\"name\":\"Przerwa w dzia\u0142alno\u015bci sklepu&#8230;\",\"item\":\"https:\/\/www.kendra.com.pl\/shop\/?page_id=1888\"},{\"@type\":\"ListItem\",\"position\":3,\"name\":\"\u015awiat\u0142o jogi\"}]}]}<\/script>\n<!-- \/ Yoast SEO plugin. -->","yoast_head_json":{"title":"\u015awiat\u0142o jogi - Kendra Publishing","robots":{"index":"noindex","follow":"follow"},"og_locale":"pl_PL","og_type":"article","og_title":"\u015awiat\u0142o jogi - Kendra Publishing","og_description":"Nowe, poprawione i powi\u0119kszone wydanie z film \u201e\u015awiat\u0142o jogi\u201d o \u017cyciu B.K.S. Iyengara. Klasyczny podr\u0119cznik, nazywany bibli\u0105 jogi z powodu najwy\u017cszej jako\u015bci i wszechstronno\u015bci. Napisany przez legendarnego mistrza, okre\u015blanego mianem Micha\u0142a Anio\u0142a jogi. Od pierwszego wydania, a\u017c po dzi\u015b dzie\u0144, \u015bwiatowy bestseller.","og_url":"https:\/\/www.kendra.com.pl\/shop\/produkt\/swiatlo-jogi\/","og_site_name":"Kendra Publishing","article_modified_time":"2023-05-25T03:30:18+00:00","og_image":[{"width":1120,"height":920,"url":"https:\/\/www.kendra.com.pl\/shop\/wp-content\/uploads\/2019\/06\/BKS_Iyengar_swiatlo_jogi_01.jpg","type":"image\/jpeg"}],"twitter_card":"summary_large_image","twitter_misc":{"Szacowany czas czytania":"2 minuty"},"schema":{"@context":"https:\/\/schema.org","@graph":[{"@type":"WebSite","@id":"https:\/\/www.kendra.com.pl\/shop\/#website","url":"https:\/\/www.kendra.com.pl\/shop\/","name":"Kendra Publishing","description":"Sklep","potentialAction":[{"@type":"SearchAction","target":{"@type":"EntryPoint","urlTemplate":"https:\/\/www.kendra.com.pl\/shop\/?s={search_term_string}"},"query-input":"required name=search_term_string"}],"inLanguage":"pl-PL"},{"@type":"ImageObject","inLanguage":"pl-PL","@id":"https:\/\/www.kendra.com.pl\/shop\/produkt\/swiatlo-jogi\/#primaryimage","url":"https:\/\/www.kendra.com.pl\/shop\/wp-content\/uploads\/2019\/06\/BKS_Iyengar_swiatlo_jogi_01.jpg","contentUrl":"https:\/\/www.kendra.com.pl\/shop\/wp-content\/uploads\/2019\/06\/BKS_Iyengar_swiatlo_jogi_01.jpg","width":1120,"height":920},{"@type":"WebPage","@id":"https:\/\/www.kendra.com.pl\/shop\/produkt\/swiatlo-jogi\/#webpage","url":"https:\/\/www.kendra.com.pl\/shop\/produkt\/swiatlo-jogi\/","name":"\u015awiat\u0142o jogi - Kendra Publishing","isPartOf":{"@id":"https:\/\/www.kendra.com.pl\/shop\/#website"},"primaryImageOfPage":{"@id":"https:\/\/www.kendra.com.pl\/shop\/produkt\/swiatlo-jogi\/#primaryimage"},"datePublished":"2019-06-26T11:17:42+00:00","dateModified":"2023-05-25T03:30:18+00:00","breadcrumb":{"@id":"https:\/\/www.kendra.com.pl\/shop\/produkt\/swiatlo-jogi\/#breadcrumb"},"inLanguage":"pl-PL","potentialAction":[{"@type":"ReadAction","target":["https:\/\/www.kendra.com.pl\/shop\/produkt\/swiatlo-jogi\/"]}]},{"@type":"BreadcrumbList","@id":"https:\/\/www.kendra.com.pl\/shop\/produkt\/swiatlo-jogi\/#breadcrumb","itemListElement":[{"@type":"ListItem","position":1,"name":"Strona g\u0142\u00f3wna","item":"https:\/\/www.kendra.com.pl\/shop\/"},{"@type":"ListItem","position":2,"name":"Przerwa w dzia\u0142alno\u015bci sklepu&#8230;","item":"https:\/\/www.kendra.com.pl\/shop\/?page_id=1888"},{"@type":"ListItem","position":3,"name":"\u015awiat\u0142o jogi"}]}]}},"_links":{"self":[{"href":"https:\/\/www.kendra.com.pl\/shop\/wp-json\/wp\/v2\/product\/4398"}],"collection":[{"href":"https:\/\/www.kendra.com.pl\/shop\/wp-json\/wp\/v2\/product"}],"about":[{"href":"https:\/\/www.kendra.com.pl\/shop\/wp-json\/wp\/v2\/types\/product"}],"replies":[{"embeddable":true,"href":"https:\/\/www.kendra.com.pl\/shop\/wp-json\/wp\/v2\/comments?post=4398"}],"wp:featuredmedia":[{"embeddable":true,"href":"https:\/\/www.kendra.com.pl\/shop\/wp-json\/wp\/v2\/media\/4399"}],"wp:attachment":[{"href":"https:\/\/www.kendra.com.pl\/shop\/wp-json\/wp\/v2\/media?parent=4398"}],"wp:term":[{"taxonomy":"product_cat","embeddable":true,"href":"https:\/\/www.kendra.com.pl\/shop\/wp-json\/wp\/v2\/product_cat?post=4398"},{"taxonomy":"product_tag","embeddable":true,"href":"https:\/\/www.kendra.com.pl\/shop\/wp-json\/wp\/v2\/product_tag?post=4398"}],"curies":[{"name":"wp","href":"https:\/\/api.w.org\/{rel}","templated":true}]}}