{"id":4446,"date":"2022-04-15T16:56:29","date_gmt":"2022-04-15T14:56:29","guid":{"rendered":"https:\/\/www.kendra.com.pl\/shop\/produkt\/zdrowie-doskonale\/"},"modified":"2025-02-16T14:10:38","modified_gmt":"2025-02-16T13:10:38","slug":"zdrowie-doskonale","status":"publish","type":"product","link":"https:\/\/www.kendra.com.pl\/shop\/produkt\/zdrowie-doskonale\/","title":{"rendered":"Zdrowie doskona\u0142e"},"content":{"rendered":"<p>Deepak Chopra jest w Stanach Zjednoczonych autorytetem w problematyce medycyny holistycznej czerpi\u0105cej z tradycji medycyny Wschodu. W swej najg\u0142o\u015bniejszej ksi\u0105\u017cce Zdrowie doskona\u0142e zapoznaje czytelnika z technikami duchowymi Ayurvedy, po\u0142\u0105czonymi z osi\u0105gni\u0119ciami medycyny wsp\u00f3\u0142czesnej. Wyja\u015bnia istot\u0119 doskona\u0142ego zdrowia, kt\u00f3rego podstawowym warunkiem jest psychosomatyczna harmonia.<\/p>\n<p>Powy\u017cszy opis pochodzi od wydawcy.<br \/>\nWydawnictwo Buchmann.<\/p>\n<p><strong>Dowiedz si\u0119 jak wprowadzi\u0107 wi\u0119cej spokoju do swojego \u017cycia. Przeczytaj wpis:<\/strong><\/p>\n<blockquote class=\"wp-embedded-content\" data-secret=\"hb9AYYgVo1\"><p><a href=\"https:\/\/spokojnyumysl.pl\/blog\/wiecej-spokoju-w-zyciu-codziennym-z-ajurweda\/\">Wi\u0119cej spokoju w \u017cyciu codziennym z Ajurwed\u0105<\/a><\/p><\/blockquote>\n<p><iframe class=\"wp-embedded-content\" sandbox=\"allow-scripts\" security=\"restricted\" style=\"position: absolute; clip: rect(1px, 1px, 1px, 1px);\" title=\"&#8222;Wi\u0119cej spokoju w \u017cyciu codziennym z Ajurwed\u0105&#8221; &#8212; Spokojny Umys\u0142\" src=\"https:\/\/spokojnyumysl.pl\/blog\/wiecej-spokoju-w-zyciu-codziennym-z-ajurweda\/embed\/#?secret=wd4JHHMNcH#?secret=hb9AYYgVo1\" data-secret=\"hb9AYYgVo1\" width=\"600\" height=\"338\" frameborder=\"0\" marginwidth=\"0\" marginheight=\"0\" scrolling=\"no\"><\/iframe><\/p>\n","protected":false},"excerpt":{"rendered":"<p>Czy wiesz, \u017ce ponad 80% chor\u00f3b wynika z stresu, kt\u00f3ry wynika z nieodpowiedniego sposobu my\u015blenia? W bestsellerowej ksi\u0105\u017cce dr Deepak Chopra Zdrowie doskona\u0142e, dowiesz si\u0119 jak zwalczy\u0107 i utrzyma\u0107 dobrostan.<\/p>\n","protected":false},"featured_media":4447,"comment_status":"open","ping_status":"closed","template":"","meta":[],"product_cat":[415,748,17,786,392,391,741,414],"product_tag":[],"yoast_head":"<!-- This site is optimized with the Yoast SEO plugin v18.8 - https:\/\/yoast.com\/wordpress\/plugins\/seo\/ -->\n<title>Zdrowie doskona\u0142e - Kendra Publishing<\/title>\n<meta name=\"robots\" content=\"noindex, follow\" \/>\n<meta property=\"og:locale\" content=\"pl_PL\" \/>\n<meta property=\"og:type\" content=\"article\" \/>\n<meta property=\"og:title\" content=\"Zdrowie doskona\u0142e - Kendra Publishing\" \/>\n<meta property=\"og:description\" content=\"Czy wiesz, \u017ce ponad 80% chor\u00f3b wynika z stresu, kt\u00f3ry wynika z nieodpowiedniego sposobu my\u015blenia? W bestsellerowej ksi\u0105\u017cce dr Deepak Chopra Zdrowie doskona\u0142e, dowiesz si\u0119 jak zwalczy\u0107 i utrzyma\u0107 dobrostan.\" \/>\n<meta property=\"og:url\" content=\"https:\/\/www.kendra.com.pl\/shop\/produkt\/zdrowie-doskonale\/\" \/>\n<meta property=\"og:site_name\" content=\"Kendra Publishing\" \/>\n<meta property=\"article:modified_time\" content=\"2025-02-16T13:10:38+00:00\" \/>\n<meta property=\"og:image\" content=\"https:\/\/www.kendra.com.pl\/shop\/wp-content\/uploads\/2022\/04\/Zdrowie-Doskonale-Dr-Deepak-Chopra.jpg\" \/>\n\t<meta property=\"og:image:width\" content=\"1120\" \/>\n\t<meta property=\"og:image:height\" content=\"920\" \/>\n\t<meta property=\"og:image:type\" content=\"image\/jpeg\" \/>\n<meta name=\"twitter:card\" content=\"summary_large_image\" \/>\n<script type=\"application\/ld+json\" class=\"yoast-schema-graph\">{\"@context\":\"https:\/\/schema.org\",\"@graph\":[{\"@type\":\"WebSite\",\"@id\":\"https:\/\/www.kendra.com.pl\/shop\/#website\",\"url\":\"https:\/\/www.kendra.com.pl\/shop\/\",\"name\":\"Kendra Publishing\",\"description\":\"Sklep\",\"potentialAction\":[{\"@type\":\"SearchAction\",\"target\":{\"@type\":\"EntryPoint\",\"urlTemplate\":\"https:\/\/www.kendra.com.pl\/shop\/?s={search_term_string}\"},\"query-input\":\"required name=search_term_string\"}],\"inLanguage\":\"pl-PL\"},{\"@type\":\"ImageObject\",\"inLanguage\":\"pl-PL\",\"@id\":\"https:\/\/www.kendra.com.pl\/shop\/produkt\/zdrowie-doskonale\/#primaryimage\",\"url\":\"https:\/\/www.kendra.com.pl\/shop\/wp-content\/uploads\/2022\/04\/Zdrowie-Doskonale-Dr-Deepak-Chopra.jpg\",\"contentUrl\":\"https:\/\/www.kendra.com.pl\/shop\/wp-content\/uploads\/2022\/04\/Zdrowie-Doskonale-Dr-Deepak-Chopra.jpg\",\"width\":1120,\"height\":920},{\"@type\":\"WebPage\",\"@id\":\"https:\/\/www.kendra.com.pl\/shop\/produkt\/zdrowie-doskonale\/#webpage\",\"url\":\"https:\/\/www.kendra.com.pl\/shop\/produkt\/zdrowie-doskonale\/\",\"name\":\"Zdrowie doskona\u0142e - Kendra Publishing\",\"isPartOf\":{\"@id\":\"https:\/\/www.kendra.com.pl\/shop\/#website\"},\"primaryImageOfPage\":{\"@id\":\"https:\/\/www.kendra.com.pl\/shop\/produkt\/zdrowie-doskonale\/#primaryimage\"},\"datePublished\":\"2022-04-15T14:56:29+00:00\",\"dateModified\":\"2025-02-16T13:10:38+00:00\",\"breadcrumb\":{\"@id\":\"https:\/\/www.kendra.com.pl\/shop\/produkt\/zdrowie-doskonale\/#breadcrumb\"},\"inLanguage\":\"pl-PL\",\"potentialAction\":[{\"@type\":\"ReadAction\",\"target\":[\"https:\/\/www.kendra.com.pl\/shop\/produkt\/zdrowie-doskonale\/\"]}]},{\"@type\":\"BreadcrumbList\",\"@id\":\"https:\/\/www.kendra.com.pl\/shop\/produkt\/zdrowie-doskonale\/#breadcrumb\",\"itemListElement\":[{\"@type\":\"ListItem\",\"position\":1,\"name\":\"Strona g\u0142\u00f3wna\",\"item\":\"https:\/\/www.kendra.com.pl\/shop\/\"},{\"@type\":\"ListItem\",\"position\":2,\"name\":\"Przerwa w dzia\u0142alno\u015bci sklepu&#8230;\",\"item\":\"https:\/\/www.kendra.com.pl\/shop\/?page_id=1888\"},{\"@type\":\"ListItem\",\"position\":3,\"name\":\"Zdrowie doskona\u0142e\"}]}]}<\/script>\n<!-- \/ Yoast SEO plugin. -->","yoast_head_json":{"title":"Zdrowie doskona\u0142e - Kendra Publishing","robots":{"index":"noindex","follow":"follow"},"og_locale":"pl_PL","og_type":"article","og_title":"Zdrowie doskona\u0142e - Kendra Publishing","og_description":"Czy wiesz, \u017ce ponad 80% chor\u00f3b wynika z stresu, kt\u00f3ry wynika z nieodpowiedniego sposobu my\u015blenia? W bestsellerowej ksi\u0105\u017cce dr Deepak Chopra Zdrowie doskona\u0142e, dowiesz si\u0119 jak zwalczy\u0107 i utrzyma\u0107 dobrostan.","og_url":"https:\/\/www.kendra.com.pl\/shop\/produkt\/zdrowie-doskonale\/","og_site_name":"Kendra Publishing","article_modified_time":"2025-02-16T13:10:38+00:00","og_image":[{"width":1120,"height":920,"url":"https:\/\/www.kendra.com.pl\/shop\/wp-content\/uploads\/2022\/04\/Zdrowie-Doskonale-Dr-Deepak-Chopra.jpg","type":"image\/jpeg"}],"twitter_card":"summary_large_image","schema":{"@context":"https:\/\/schema.org","@graph":[{"@type":"WebSite","@id":"https:\/\/www.kendra.com.pl\/shop\/#website","url":"https:\/\/www.kendra.com.pl\/shop\/","name":"Kendra Publishing","description":"Sklep","potentialAction":[{"@type":"SearchAction","target":{"@type":"EntryPoint","urlTemplate":"https:\/\/www.kendra.com.pl\/shop\/?s={search_term_string}"},"query-input":"required name=search_term_string"}],"inLanguage":"pl-PL"},{"@type":"ImageObject","inLanguage":"pl-PL","@id":"https:\/\/www.kendra.com.pl\/shop\/produkt\/zdrowie-doskonale\/#primaryimage","url":"https:\/\/www.kendra.com.pl\/shop\/wp-content\/uploads\/2022\/04\/Zdrowie-Doskonale-Dr-Deepak-Chopra.jpg","contentUrl":"https:\/\/www.kendra.com.pl\/shop\/wp-content\/uploads\/2022\/04\/Zdrowie-Doskonale-Dr-Deepak-Chopra.jpg","width":1120,"height":920},{"@type":"WebPage","@id":"https:\/\/www.kendra.com.pl\/shop\/produkt\/zdrowie-doskonale\/#webpage","url":"https:\/\/www.kendra.com.pl\/shop\/produkt\/zdrowie-doskonale\/","name":"Zdrowie doskona\u0142e - Kendra Publishing","isPartOf":{"@id":"https:\/\/www.kendra.com.pl\/shop\/#website"},"primaryImageOfPage":{"@id":"https:\/\/www.kendra.com.pl\/shop\/produkt\/zdrowie-doskonale\/#primaryimage"},"datePublished":"2022-04-15T14:56:29+00:00","dateModified":"2025-02-16T13:10:38+00:00","breadcrumb":{"@id":"https:\/\/www.kendra.com.pl\/shop\/produkt\/zdrowie-doskonale\/#breadcrumb"},"inLanguage":"pl-PL","potentialAction":[{"@type":"ReadAction","target":["https:\/\/www.kendra.com.pl\/shop\/produkt\/zdrowie-doskonale\/"]}]},{"@type":"BreadcrumbList","@id":"https:\/\/www.kendra.com.pl\/shop\/produkt\/zdrowie-doskonale\/#breadcrumb","itemListElement":[{"@type":"ListItem","position":1,"name":"Strona g\u0142\u00f3wna","item":"https:\/\/www.kendra.com.pl\/shop\/"},{"@type":"ListItem","position":2,"name":"Przerwa w dzia\u0142alno\u015bci sklepu&#8230;","item":"https:\/\/www.kendra.com.pl\/shop\/?page_id=1888"},{"@type":"ListItem","position":3,"name":"Zdrowie doskona\u0142e"}]}]}},"_links":{"self":[{"href":"https:\/\/www.kendra.com.pl\/shop\/wp-json\/wp\/v2\/product\/4446"}],"collection":[{"href":"https:\/\/www.kendra.com.pl\/shop\/wp-json\/wp\/v2\/product"}],"about":[{"href":"https:\/\/www.kendra.com.pl\/shop\/wp-json\/wp\/v2\/types\/product"}],"replies":[{"embeddable":true,"href":"https:\/\/www.kendra.com.pl\/shop\/wp-json\/wp\/v2\/comments?post=4446"}],"wp:featuredmedia":[{"embeddable":true,"href":"https:\/\/www.kendra.com.pl\/shop\/wp-json\/wp\/v2\/media\/4447"}],"wp:attachment":[{"href":"https:\/\/www.kendra.com.pl\/shop\/wp-json\/wp\/v2\/media?parent=4446"}],"wp:term":[{"taxonomy":"product_cat","embeddable":true,"href":"https:\/\/www.kendra.com.pl\/shop\/wp-json\/wp\/v2\/product_cat?post=4446"},{"taxonomy":"product_tag","embeddable":true,"href":"https:\/\/www.kendra.com.pl\/shop\/wp-json\/wp\/v2\/product_tag?post=4446"}],"curies":[{"name":"wp","href":"https:\/\/api.w.org\/{rel}","templated":true}]}}