{"id":830,"date":"2020-05-01T08:08:56","date_gmt":"2020-05-01T06:08:56","guid":{"rendered":"https:\/\/www.kendra.com.pl\/shop\/?post_type=product&#038;p=830"},"modified":"2025-02-16T14:17:21","modified_gmt":"2025-02-16T13:17:21","slug":"aw-45-demokracja-w-niebie","status":"publish","type":"product","link":"https:\/\/www.kendra.com.pl\/shop\/produkt\/aw-45-demokracja-w-niebie\/","title":{"rendered":"Demokracja w niebie"},"content":{"rendered":"","protected":false},"excerpt":{"rendered":"<p>Czy zastanawia\u0142es(\u0142a\u015b) si\u0119 kiedys jaki \u201custr\u00f3j\u201d panuje w niebie? Czy jest to kr\u00f3lestwo czy mo\u017ce demokratyczna republika? A mo\u017ce jest to organiczny system na wz\u00f3r \u017cywych organizm\u00f3w?<\/p>\n<p>W Ko\u015bciele, zw\u0142aszcza w takim bardziej powa\u017cnym, \u015bmiech jest w bardzo z\u0142ym tonie. Dlaczego? Bo je\u015bli spojrzysz na projekt ko\u015bcio\u0142a katolickiego, zauwa\u017cysz, \u017ce bazuje on na projekcie sali rozpraw kr\u00f3la. A je\u015bli spojrzysz na ko\u015bci\u00f3\u0142 protestancki, zobaczysz, \u017ce bazuje on na projekcie s\u0105du. <\/p>\n<p>W rzeczy samej, protestancki pastor ma na sobie tog\u0119, zupe\u0142nie jak ameryka\u0144ski s\u0119dzia. S\u0105 tam te\u017c wszystkie te \u0142awy ko\u015bcielne i przypominaj\u0105ce kabiny jakie znajdziesz w starodawnym s\u0105dzie z kabin\u0105 dla \u015bwiadk\u00f3w, s\u0119dziego i tak dalej. Oryginalnie w Ko\u015bciele chrze\u015bcija\u0144skim, ko\u015bcio\u0142y rzymskie nazywane by\u0142y bazylikami, co oznacza kr\u00f3lewsk\u0105 sal\u0119 rozpraw, sal\u0119 tronow\u0105 \u2013 o\u0142tarz jest tronem Boga. <\/p>\n<p>Dla odmiany Hindusi nie traktuj\u0105 wszech\u015bwiata jako dzie\u0142a Boga w sensie bycia artefaktem. Patrz\u0105 na\u0144 jako na boski dramat, poniewa\u017c ich zdaniem \u015bwiat jest \u201ezagrany\u201d, a nie stworzony. B\u00f3g jest tym, kt\u00f3ry udaje, \u017ce jest tym wszystkim, a tak naprawd\u0119 wszyscy s\u0105 bogiem, jest to maska Boga, udaj\u0105cego, \u017ce jest tob\u0105, i robi to tak dobrze, tak si\u0119 w to wczu\u0142, poniewa\u017c jest zar\u00f3wno publik\u0105, jak i aktorem. Jest to naprawd\u0119 bardzo udana sztuka, poniewa\u017c dobry aktor \u2013 chocia\u017c ty wiesz, \u017ce to tylko sztuka \u2013 dobry aktor spr\u00f3buje sprawi\u0107, \u017ceby\u015b uwierzy\u0142, \u017ce jest inaczej, \u017ceby\u015b si\u0119 rozp\u0142aka\u0142. Chce, \u017ceby\u015b siedzia\u0142 na kraw\u0119dzi swego krzes\u0142a i niecierpliwie czeka\u0142, co dalej. Poza tym B\u00f3g jako najlepszy aktor przekona\u0142 samego siebie, \u017ce jego gra jest prawdziwa.<\/p>\n<p>U Chi\u0144czyk\u00f3w model jest jeszcze inny. Ich model wszech\u015bwiata jest organiczny. Wszech\u015bwiat jest wielkim organizmem, \u017cyje, ro\u015bnie, panuje w nim inteligentny \u0142ad. Takie s\u0105 zatem trzy wielkie modele \u015bwiata. Gdy dawno temu Zach\u00f3d przesta\u0142 wierzy\u0107 na powa\u017cnie w Boga, mimo wszystko zachowa\u0142 teori\u0119 o \u015bwiecie jako artefakcie.<\/p>\n<p>Jak zatem jest w niebie?\u2026<\/p>\n[wc-koplo]\n","protected":false},"featured_media":831,"comment_status":"closed","ping_status":"closed","template":"","meta":[],"product_cat":[16],"product_tag":[275,278,272,176,287,290,88,33,69,173,281,286,263,284,279,285,270,217,283,268,271,273,291,292,293,294,34,277,276,274,289,288,267,280,269,282,49],"yoast_head":"<!-- This site is optimized with the Yoast SEO plugin v18.8 - https:\/\/yoast.com\/wordpress\/plugins\/seo\/ -->\n<title>Demokracja w niebie - Kendra Publishing<\/title>\n<meta name=\"robots\" content=\"noindex, follow\" \/>\n<meta property=\"og:locale\" content=\"pl_PL\" \/>\n<meta property=\"og:type\" content=\"article\" \/>\n<meta property=\"og:title\" content=\"Demokracja w niebie - Kendra Publishing\" \/>\n<meta property=\"og:description\" content=\"Czy zastanawia\u0142es(\u0142a\u015b) si\u0119 kiedys jaki \u201custr\u00f3j\u201d panuje w niebie? Czy jest to kr\u00f3lestwo czy mo\u017ce demokratyczna republika? A mo\u017ce jest to organiczny system na wz\u00f3r \u017cywych organizm\u00f3w?  W Ko\u015bciele, zw\u0142aszcza w takim bardziej powa\u017cnym, \u015bmiech jest w bardzo z\u0142ym tonie. Dlaczego? Bo je\u015bli spojrzysz na projekt ko\u015bcio\u0142a katolickiego, zauwa\u017cysz, \u017ce bazuje on na projekcie sali rozpraw kr\u00f3la. A je\u015bli spojrzysz na ko\u015bci\u00f3\u0142 protestancki, zobaczysz, \u017ce bazuje on na projekcie s\u0105du.   W rzeczy samej, protestancki pastor ma na sobie tog\u0119, zupe\u0142nie jak ameryka\u0144ski s\u0119dzia. S\u0105 tam te\u017c wszystkie te \u0142awy ko\u015bcielne i przypominaj\u0105ce kabiny jakie znajdziesz w starodawnym s\u0105dzie z kabin\u0105 dla \u015bwiadk\u00f3w, s\u0119dziego i tak dalej. Oryginalnie w Ko\u015bciele chrze\u015bcija\u0144skim, ko\u015bcio\u0142y rzymskie nazywane by\u0142y bazylikami, co oznacza kr\u00f3lewsk\u0105 sal\u0119 rozpraw, sal\u0119 tronow\u0105 \u2013 o\u0142tarz jest tronem Boga.   Dla odmiany Hindusi nie traktuj\u0105 wszech\u015bwiata jako dzie\u0142a Boga w sensie bycia artefaktem. Patrz\u0105 na\u0144 jako na boski dramat, poniewa\u017c ich zdaniem \u015bwiat jest \u201ezagrany\u201d, a nie stworzony. B\u00f3g jest tym, kt\u00f3ry udaje, \u017ce jest tym wszystkim, a tak naprawd\u0119 wszyscy s\u0105 bogiem, jest to maska Boga, udaj\u0105cego, \u017ce jest tob\u0105, i robi to tak dobrze, tak si\u0119 w to wczu\u0142, poniewa\u017c jest zar\u00f3wno publik\u0105, jak i aktorem. Jest to naprawd\u0119 bardzo udana sztuka, poniewa\u017c dobry aktor \u2013 chocia\u017c ty wiesz, \u017ce to tylko sztuka \u2013 dobry aktor spr\u00f3buje sprawi\u0107, \u017ceby\u015b uwierzy\u0142, \u017ce jest inaczej, \u017ceby\u015b si\u0119 rozp\u0142aka\u0142. Chce, \u017ceby\u015b siedzia\u0142 na kraw\u0119dzi swego krzes\u0142a i niecierpliwie czeka\u0142, co dalej. Poza tym B\u00f3g jako najlepszy aktor przekona\u0142 samego siebie, \u017ce jego gra jest prawdziwa.  U Chi\u0144czyk\u00f3w model jest jeszcze inny. Ich model wszech\u015bwiata jest organiczny. Wszech\u015bwiat jest wielkim organizmem, \u017cyje, ro\u015bnie, panuje w nim inteligentny \u0142ad. Takie s\u0105 zatem trzy wielkie modele \u015bwiata. Gdy dawno temu Zach\u00f3d przesta\u0142 wierzy\u0107 na powa\u017cnie w Boga, mimo wszystko zachowa\u0142 teori\u0119 o \u015bwiecie jako artefakcie.  Jak zatem jest w niebie?\u2026\" \/>\n<meta property=\"og:url\" content=\"https:\/\/www.kendra.com.pl\/shop\/produkt\/aw-45-demokracja-w-niebie\/\" \/>\n<meta property=\"og:site_name\" content=\"Kendra Publishing\" \/>\n<meta property=\"article:modified_time\" content=\"2025-02-16T13:17:21+00:00\" \/>\n<meta property=\"og:image\" content=\"https:\/\/www.kendra.com.pl\/shop\/wp-content\/uploads\/2020\/03\/okladka-45-demokracja-w-niebie.png\" \/>\n\t<meta property=\"og:image:width\" content=\"949\" \/>\n\t<meta property=\"og:image:height\" content=\"943\" \/>\n\t<meta property=\"og:image:type\" content=\"image\/png\" \/>\n<meta name=\"twitter:card\" content=\"summary_large_image\" \/>\n<script type=\"application\/ld+json\" class=\"yoast-schema-graph\">{\"@context\":\"https:\/\/schema.org\",\"@graph\":[{\"@type\":\"WebSite\",\"@id\":\"https:\/\/www.kendra.com.pl\/shop\/#website\",\"url\":\"https:\/\/www.kendra.com.pl\/shop\/\",\"name\":\"Kendra Publishing\",\"description\":\"Sklep\",\"potentialAction\":[{\"@type\":\"SearchAction\",\"target\":{\"@type\":\"EntryPoint\",\"urlTemplate\":\"https:\/\/www.kendra.com.pl\/shop\/?s={search_term_string}\"},\"query-input\":\"required name=search_term_string\"}],\"inLanguage\":\"pl-PL\"},{\"@type\":\"ImageObject\",\"inLanguage\":\"pl-PL\",\"@id\":\"https:\/\/www.kendra.com.pl\/shop\/produkt\/aw-45-demokracja-w-niebie\/#primaryimage\",\"url\":\"https:\/\/www.kendra.com.pl\/shop\/wp-content\/uploads\/2020\/03\/okladka-45-demokracja-w-niebie.png\",\"contentUrl\":\"https:\/\/www.kendra.com.pl\/shop\/wp-content\/uploads\/2020\/03\/okladka-45-demokracja-w-niebie.png\",\"width\":949,\"height\":943},{\"@type\":\"WebPage\",\"@id\":\"https:\/\/www.kendra.com.pl\/shop\/produkt\/aw-45-demokracja-w-niebie\/#webpage\",\"url\":\"https:\/\/www.kendra.com.pl\/shop\/produkt\/aw-45-demokracja-w-niebie\/\",\"name\":\"Demokracja w niebie - Kendra Publishing\",\"isPartOf\":{\"@id\":\"https:\/\/www.kendra.com.pl\/shop\/#website\"},\"primaryImageOfPage\":{\"@id\":\"https:\/\/www.kendra.com.pl\/shop\/produkt\/aw-45-demokracja-w-niebie\/#primaryimage\"},\"datePublished\":\"2020-05-01T06:08:56+00:00\",\"dateModified\":\"2025-02-16T13:17:21+00:00\",\"breadcrumb\":{\"@id\":\"https:\/\/www.kendra.com.pl\/shop\/produkt\/aw-45-demokracja-w-niebie\/#breadcrumb\"},\"inLanguage\":\"pl-PL\",\"potentialAction\":[{\"@type\":\"ReadAction\",\"target\":[\"https:\/\/www.kendra.com.pl\/shop\/produkt\/aw-45-demokracja-w-niebie\/\"]}]},{\"@type\":\"BreadcrumbList\",\"@id\":\"https:\/\/www.kendra.com.pl\/shop\/produkt\/aw-45-demokracja-w-niebie\/#breadcrumb\",\"itemListElement\":[{\"@type\":\"ListItem\",\"position\":1,\"name\":\"Strona g\u0142\u00f3wna\",\"item\":\"https:\/\/www.kendra.com.pl\/shop\/\"},{\"@type\":\"ListItem\",\"position\":2,\"name\":\"Przerwa w dzia\u0142alno\u015bci sklepu&#8230;\",\"item\":\"https:\/\/www.kendra.com.pl\/shop\/?page_id=1888\"},{\"@type\":\"ListItem\",\"position\":3,\"name\":\"Demokracja w niebie\"}]}]}<\/script>\n<!-- \/ Yoast SEO plugin. -->","yoast_head_json":{"title":"Demokracja w niebie - Kendra Publishing","robots":{"index":"noindex","follow":"follow"},"og_locale":"pl_PL","og_type":"article","og_title":"Demokracja w niebie - Kendra Publishing","og_description":"Czy zastanawia\u0142es(\u0142a\u015b) si\u0119 kiedys jaki \u201custr\u00f3j\u201d panuje w niebie? Czy jest to kr\u00f3lestwo czy mo\u017ce demokratyczna republika? A mo\u017ce jest to organiczny system na wz\u00f3r \u017cywych organizm\u00f3w?  W Ko\u015bciele, zw\u0142aszcza w takim bardziej powa\u017cnym, \u015bmiech jest w bardzo z\u0142ym tonie. Dlaczego? Bo je\u015bli spojrzysz na projekt ko\u015bcio\u0142a katolickiego, zauwa\u017cysz, \u017ce bazuje on na projekcie sali rozpraw kr\u00f3la. A je\u015bli spojrzysz na ko\u015bci\u00f3\u0142 protestancki, zobaczysz, \u017ce bazuje on na projekcie s\u0105du.   W rzeczy samej, protestancki pastor ma na sobie tog\u0119, zupe\u0142nie jak ameryka\u0144ski s\u0119dzia. S\u0105 tam te\u017c wszystkie te \u0142awy ko\u015bcielne i przypominaj\u0105ce kabiny jakie znajdziesz w starodawnym s\u0105dzie z kabin\u0105 dla \u015bwiadk\u00f3w, s\u0119dziego i tak dalej. Oryginalnie w Ko\u015bciele chrze\u015bcija\u0144skim, ko\u015bcio\u0142y rzymskie nazywane by\u0142y bazylikami, co oznacza kr\u00f3lewsk\u0105 sal\u0119 rozpraw, sal\u0119 tronow\u0105 \u2013 o\u0142tarz jest tronem Boga.   Dla odmiany Hindusi nie traktuj\u0105 wszech\u015bwiata jako dzie\u0142a Boga w sensie bycia artefaktem. Patrz\u0105 na\u0144 jako na boski dramat, poniewa\u017c ich zdaniem \u015bwiat jest \u201ezagrany\u201d, a nie stworzony. B\u00f3g jest tym, kt\u00f3ry udaje, \u017ce jest tym wszystkim, a tak naprawd\u0119 wszyscy s\u0105 bogiem, jest to maska Boga, udaj\u0105cego, \u017ce jest tob\u0105, i robi to tak dobrze, tak si\u0119 w to wczu\u0142, poniewa\u017c jest zar\u00f3wno publik\u0105, jak i aktorem. Jest to naprawd\u0119 bardzo udana sztuka, poniewa\u017c dobry aktor \u2013 chocia\u017c ty wiesz, \u017ce to tylko sztuka \u2013 dobry aktor spr\u00f3buje sprawi\u0107, \u017ceby\u015b uwierzy\u0142, \u017ce jest inaczej, \u017ceby\u015b si\u0119 rozp\u0142aka\u0142. Chce, \u017ceby\u015b siedzia\u0142 na kraw\u0119dzi swego krzes\u0142a i niecierpliwie czeka\u0142, co dalej. Poza tym B\u00f3g jako najlepszy aktor przekona\u0142 samego siebie, \u017ce jego gra jest prawdziwa.  U Chi\u0144czyk\u00f3w model jest jeszcze inny. Ich model wszech\u015bwiata jest organiczny. Wszech\u015bwiat jest wielkim organizmem, \u017cyje, ro\u015bnie, panuje w nim inteligentny \u0142ad. Takie s\u0105 zatem trzy wielkie modele \u015bwiata. Gdy dawno temu Zach\u00f3d przesta\u0142 wierzy\u0107 na powa\u017cnie w Boga, mimo wszystko zachowa\u0142 teori\u0119 o \u015bwiecie jako artefakcie.  Jak zatem jest w niebie?\u2026","og_url":"https:\/\/www.kendra.com.pl\/shop\/produkt\/aw-45-demokracja-w-niebie\/","og_site_name":"Kendra Publishing","article_modified_time":"2025-02-16T13:17:21+00:00","og_image":[{"width":949,"height":943,"url":"https:\/\/www.kendra.com.pl\/shop\/wp-content\/uploads\/2020\/03\/okladka-45-demokracja-w-niebie.png","type":"image\/png"}],"twitter_card":"summary_large_image","schema":{"@context":"https:\/\/schema.org","@graph":[{"@type":"WebSite","@id":"https:\/\/www.kendra.com.pl\/shop\/#website","url":"https:\/\/www.kendra.com.pl\/shop\/","name":"Kendra Publishing","description":"Sklep","potentialAction":[{"@type":"SearchAction","target":{"@type":"EntryPoint","urlTemplate":"https:\/\/www.kendra.com.pl\/shop\/?s={search_term_string}"},"query-input":"required name=search_term_string"}],"inLanguage":"pl-PL"},{"@type":"ImageObject","inLanguage":"pl-PL","@id":"https:\/\/www.kendra.com.pl\/shop\/produkt\/aw-45-demokracja-w-niebie\/#primaryimage","url":"https:\/\/www.kendra.com.pl\/shop\/wp-content\/uploads\/2020\/03\/okladka-45-demokracja-w-niebie.png","contentUrl":"https:\/\/www.kendra.com.pl\/shop\/wp-content\/uploads\/2020\/03\/okladka-45-demokracja-w-niebie.png","width":949,"height":943},{"@type":"WebPage","@id":"https:\/\/www.kendra.com.pl\/shop\/produkt\/aw-45-demokracja-w-niebie\/#webpage","url":"https:\/\/www.kendra.com.pl\/shop\/produkt\/aw-45-demokracja-w-niebie\/","name":"Demokracja w niebie - Kendra Publishing","isPartOf":{"@id":"https:\/\/www.kendra.com.pl\/shop\/#website"},"primaryImageOfPage":{"@id":"https:\/\/www.kendra.com.pl\/shop\/produkt\/aw-45-demokracja-w-niebie\/#primaryimage"},"datePublished":"2020-05-01T06:08:56+00:00","dateModified":"2025-02-16T13:17:21+00:00","breadcrumb":{"@id":"https:\/\/www.kendra.com.pl\/shop\/produkt\/aw-45-demokracja-w-niebie\/#breadcrumb"},"inLanguage":"pl-PL","potentialAction":[{"@type":"ReadAction","target":["https:\/\/www.kendra.com.pl\/shop\/produkt\/aw-45-demokracja-w-niebie\/"]}]},{"@type":"BreadcrumbList","@id":"https:\/\/www.kendra.com.pl\/shop\/produkt\/aw-45-demokracja-w-niebie\/#breadcrumb","itemListElement":[{"@type":"ListItem","position":1,"name":"Strona g\u0142\u00f3wna","item":"https:\/\/www.kendra.com.pl\/shop\/"},{"@type":"ListItem","position":2,"name":"Przerwa w dzia\u0142alno\u015bci sklepu&#8230;","item":"https:\/\/www.kendra.com.pl\/shop\/?page_id=1888"},{"@type":"ListItem","position":3,"name":"Demokracja w niebie"}]}]}},"_links":{"self":[{"href":"https:\/\/www.kendra.com.pl\/shop\/wp-json\/wp\/v2\/product\/830"}],"collection":[{"href":"https:\/\/www.kendra.com.pl\/shop\/wp-json\/wp\/v2\/product"}],"about":[{"href":"https:\/\/www.kendra.com.pl\/shop\/wp-json\/wp\/v2\/types\/product"}],"replies":[{"embeddable":true,"href":"https:\/\/www.kendra.com.pl\/shop\/wp-json\/wp\/v2\/comments?post=830"}],"wp:featuredmedia":[{"embeddable":true,"href":"https:\/\/www.kendra.com.pl\/shop\/wp-json\/wp\/v2\/media\/831"}],"wp:attachment":[{"href":"https:\/\/www.kendra.com.pl\/shop\/wp-json\/wp\/v2\/media?parent=830"}],"wp:term":[{"taxonomy":"product_cat","embeddable":true,"href":"https:\/\/www.kendra.com.pl\/shop\/wp-json\/wp\/v2\/product_cat?post=830"},{"taxonomy":"product_tag","embeddable":true,"href":"https:\/\/www.kendra.com.pl\/shop\/wp-json\/wp\/v2\/product_tag?post=830"}],"curies":[{"name":"wp","href":"https:\/\/api.w.org\/{rel}","templated":true}]}}